 {"id":294,"date":"2025-02-05T07:28:56","date_gmt":"2025-02-05T07:28:56","guid":{"rendered":"http:\/\/magazine.test\/main-tf\/?page_id=292"},"modified":"2025-09-10T22:58:54","modified_gmt":"2025-09-10T22:58:54","slug":"quinessomos","status":"publish","type":"page","link":"https:\/\/thereport.mx\/index.php\/quinessomos\/","title":{"rendered":"quienessomos"},"content":{"rendered":"\t\t<div data-elementor-type=\"wp-page\" data-elementor-id=\"294\" class=\"elementor elementor-294\">\n\t\t\t\t<div class=\"elementor-element elementor-element-85e88b1 elementor-hidden-tablet elementor-hidden-mobile e-flex e-con-boxed e-con e-parent\" data-id=\"85e88b1\" data-element_type=\"container\" data-settings=\"{&quot;background_background&quot;:&quot;classic&quot;}\">\n\t\t\t\t\t<div class=\"e-con-inner\">\n\t\t<div class=\"elementor-element elementor-element-62e9793 e-con-full e-flex e-con e-child\" data-id=\"62e9793\" data-element_type=\"container\">\n\t\t\t\t<\/div>\n\t\t<div class=\"elementor-element elementor-element-da91ba7 e-con-full e-flex e-con e-child\" data-id=\"da91ba7\" data-element_type=\"container\">\n\t\t\t\t<div class=\"elementor-element elementor-element-fb8d728 elementor-widget elementor-widget-image\" data-id=\"fb8d728\" data-element_type=\"widget\" data-widget_type=\"image.default\">\n\t\t\t\t<div class=\"elementor-widget-container\">\n\t\t\t\t\t\t\t\t\t\t\t\t\t\t\t\t<a href=\"https:\/\/thereport.mx\/\">\n\t\t\t\t\t\t\t<img decoding=\"async\" width=\"349\" height=\"129\" src=\"https:\/\/thereport.mx\/wp-content\/uploads\/2025\/07\/report.png\" class=\"attachment-large size-large wp-image-479\" alt=\"\" srcset=\"https:\/\/thereport.mx\/wp-content\/uploads\/2025\/07\/report.png 349w, https:\/\/thereport.mx\/wp-content\/uploads\/2025\/07\/report-300x111.png 300w\" sizes=\"(max-width: 349px) 100vw, 349px\" \/>\t\t\t\t\t\t\t\t<\/a>\n\t\t\t\t\t\t\t\t\t\t\t\t\t\t\t<\/div>\n\t\t\t\t<\/div>\n\t\t\t\t<\/div>\n\t\t<div class=\"elementor-element elementor-element-a65c730 e-con-full e-flex e-con e-child\" data-id=\"a65c730\" data-element_type=\"container\">\n\t\t\t\t<\/div>\n\t\t\t\t\t<\/div>\n\t\t\t\t<\/div>\n\t\t<div class=\"elementor-element elementor-element-e7a8c67 e-flex e-con-boxed e-con e-parent\" data-id=\"e7a8c67\" data-element_type=\"container\">\n\t\t\t\t\t<div class=\"e-con-inner\">\n\t\t\t\t<div class=\"elementor-element elementor-element-0fb1323 elementor-widget elementor-widget-khb_clickpopup\" data-id=\"0fb1323\" data-element_type=\"widget\" data-widget_type=\"khb_clickpopup.default\">\n\t\t\t\t<div class=\"elementor-widget-container\">\n\t\t\t\t\t  \n<div class=\"ne-popup-wrap\">\n    <span data-id=\"231\" data-pos=\"left\" class=\"nepoptrig ne-d-inflex ne-v-center\"><i class=\"ne-icon bivo bi-menu-button-wide\" aria-hidden=\"true\"><\/i><\/span>\n    <\/div>\n\n    \n     \n    \n    \n    \n    \n    \n    \n    \n    \n    \n    \n    \n    \n    \n    \n    \n    \n    \n    \n    \n    \n    \n    \n    \n    \n    \n    \n    \n    \n \n\n\n\t\t\t\t<\/div>\n\t\t\t\t<\/div>\n\t\t\t\t<div class=\"elementor-element elementor-element-afed548 elementor-hidden-tablet elementor-hidden-mobile elementor-widget elementor-widget-khb_navmenu\" data-id=\"afed548\" data-element_type=\"widget\" data-widget_type=\"khb_navmenu.default\">\n\t\t\t\t<div class=\"elementor-widget-container\">\n\t\t\t\t\t<div class=\"ne-nav-menu\">\n\t\t<ul class=\"tp-menu-wrap ne-d-flex default\">\r\n\t\r\n\t\t\t\t\t\t\t<li class=\"menu-item menu-item-type-custom elementor-repeater-item-2213c33\">\r\n\t \r\n\t\t\t\t\t<a class=\"ne-d-flex ne-v-center icon-gap\" href=\"#\">\r\n\t\t\t\t\t\r\n\t\t\t\t\t\t\t\r\n\t\t\t\t\t\t<span class=\"menu-item-text ne-d-inflex ne-v-center icon-gap\">\r\n\t\t\t\t\t\t\t<span class=\"menu-text\">Home<\/span>\t\t\t\t\t\t<\/span>\r\n\t\t\t\t\t\t\t\t\t\t\t<\/a> \r\n\t\t\t\t\t\r\n\t\t\t\t\t\t\t\t\t<\/li>\r\n\t\t\t\t\t\t\t\t<li class=\"menu-item menu-item-type-custom elementor-repeater-item-ff1cfa8\">\r\n\t \r\n\t\t\t\t\t<a class=\"ne-d-flex ne-v-center icon-gap\" href=\"https:\/\/thereport.mx\/index.php\/quinessomos\/\">\r\n\t\t\t\t\t\r\n\t\t\t\t\t\t\t\r\n\t\t\t\t\t\t<span class=\"menu-item-text ne-d-inflex ne-v-center icon-gap\">\r\n\t\t\t\t\t\t\t<span class=\"menu-text\">\u00bfQui\u00e9nes Somos?<\/span>\t\t\t\t\t\t<\/span>\r\n\t\t\t\t\t\t\t\t\t\t\t<\/a> \r\n\t\t\t\t\t\r\n\t\t\t\t\t\t\t\t\t<\/li>\r\n\t\t\t\t\t\t\t\t<li class=\"menu-item menu-item-type-custom elementor-repeater-item-740c8b6\">\r\n\t \r\n\t\t\t\t\t<a class=\"ne-d-flex ne-v-center icon-gap\" href=\"https:\/\/thereport.mx\/index.php\/category\/local\/\">\r\n\t\t\t\t\t\r\n\t\t\t\t\t\t\t\r\n\t\t\t\t\t\t<span class=\"menu-item-text ne-d-inflex ne-v-center icon-gap\">\r\n\t\t\t\t\t\t\t<span class=\"menu-text\">Local<\/span>\t\t\t\t\t\t<\/span>\r\n\t\t\t\t\t\t\t\t\t\t\t<\/a> \r\n\t\t\t\t\t\r\n\t\t\t\t\t\t\t\t\t<\/li>\r\n\t\t\t\t\t\t\t\t<li class=\"menu-item menu-item-type-custom elementor-repeater-item-bc8dae5\">\r\n\t \r\n\t\t\t\t\t<a class=\"ne-d-flex ne-v-center icon-gap\" href=\"https:\/\/thereport.mx\/index.php\/category\/nacional\/\">\r\n\t\t\t\t\t\r\n\t\t\t\t\t\t\t\r\n\t\t\t\t\t\t<span class=\"menu-item-text ne-d-inflex ne-v-center icon-gap\">\r\n\t\t\t\t\t\t\t<span class=\"menu-text\">Nacional<\/span>\t\t\t\t\t\t<\/span>\r\n\t\t\t\t\t\t\t\t\t\t\t<\/a> \r\n\t\t\t\t\t\r\n\t\t\t\t\t\t\t\t\t<\/li>\r\n\t\t\t\t\t\t\t\t<li class=\"menu-item menu-item-type-custom elementor-repeater-item-dce91e2\">\r\n\t \r\n\t\t\t\t\t<a class=\"ne-d-flex ne-v-center icon-gap\" href=\"https:\/\/thereport.mx\/index.php\/category\/internacional\/\">\r\n\t\t\t\t\t\r\n\t\t\t\t\t\t\t\r\n\t\t\t\t\t\t<span class=\"menu-item-text ne-d-inflex ne-v-center icon-gap\">\r\n\t\t\t\t\t\t\t<span class=\"menu-text\">Internacional<\/span>\t\t\t\t\t\t<\/span>\r\n\t\t\t\t\t\t\t\t\t\t\t<\/a> \r\n\t\t\t\t\t\r\n\t\t\t\t\t\t\t\t\t<\/li>\r\n\t\t\t\t\t\t<\/ul>\r\n\t\t<\/div>\n\n<style>\n\/* .tp-menu-wrap {\n    margin: 0;\n    list-style: none;\n    padding: 0;\n    align-items: center;\n}\n.tp-menu-wrap li {\n    display: inline-block;\n    position: relative;\n}\n.tp-menu-wrap li.tp_mega_menu {\n    position: static;\n}\n.tp-menu-wrap .sub-menu {\n    margin-left: 0;\n    left: 0;\n    list-style: none;\n    padding: 0;\n    position: absolute;\n    top: 100%;\n    visibility: hidden;\n    opacity: 0;\n    margin-top: 30px;\n    transition: all 0.3s ease 0s;\n}\n.tp-menu-wrap li:hover>.sub-menu {\n    margin-top: 0;\n    opacity: 1;\n    visibility: visible;\n    z-index: 999;\n}\n.tp-menu-wrap .sub-menu li, .tp-menu-wrap .sub-menu li a {\n    display: block;\n    line-height: initial;\n}\n.poscenter .ne-megamenu-content-wrapper {\n    left: 0;\n}\n.ne-megamenu-content-wrapper {\n    position: absolute;\n    top: 100%;\n    width: 100%;\n    z-index: -999;\n    visibility: hidden;\n    opacity: 0;\n    margin-top: 30px;\n    transition: all 0.3s ease 0s;\n}\n.tp-menu-wrap li.tp_mega_menu:hover .ne-megamenu-content-wrapper {\n    margin-top: 0;\n    opacity: 1;\n    visibility: visible;\n    z-index: 999;\n}\n.tp-menu-wrap:hover>li {\n    opacity: .5;\n}\n\n.tp-menu-wrap>li:hover {\n    opacity: 1;\n}\n.tp-menu-wrap .sub-menu .sub-menu {\n    left: 100%;\n    top: 0;\n}\n.tp-menu-wrap>li>a{\n    position: relative;  \n}\n.tp-menu-wrap>li>a::before {\n    content:\"\";\n    display: block;\n    height: 0px;\n    position: absolute;\n    bottom: 0;\n    left: 0;\n    width: 100%;\n    background: black;\n}\n.tp-menu-wrap>li>a:hover::before{\n  height: 2px;\n} *\/\n<\/style>\t\t\t\t<\/div>\n\t\t\t\t<\/div>\n\t\t\t\t<div class=\"elementor-element elementor-element-a259e60 elementor-widget elementor-widget-khb_clickpopup\" data-id=\"a259e60\" data-element_type=\"widget\" data-widget_type=\"khb_clickpopup.default\">\n\t\t\t\t<div class=\"elementor-widget-container\">\n\t\t\t\t\t  \n<div class=\"ne-popup-wrap\">\n    <span data-id=\"230\" data-pos=\"right\" class=\"nepoptrig ne-d-inflex ne-v-center\"><i class=\"ne-icon bivo bi-search\" aria-hidden=\"true\"><\/i><\/span>\n    <\/div>\n\n    \n     \n    \n    \n    \n    \n    \n    \n    \n    \n    \n    \n    \n    \n    \n    \n    \n    \n    \n    \n    \n    \n    \n    \n    \n    \n    \n    \n    \n    \n \n\n\n\t\t\t\t<\/div>\n\t\t\t\t<\/div>\n\t\t\t\t\t<\/div>\n\t\t\t\t<\/div>\n\t\t<div class=\"elementor-element elementor-element-284b0bb e-flex e-con-boxed e-con e-parent\" data-id=\"284b0bb\" data-element_type=\"container\">\n\t\t\t\t\t<div class=\"e-con-inner\">\n\t\t<div class=\"elementor-element elementor-element-3db6ebf e-con-full e-flex e-con e-child\" data-id=\"3db6ebf\" data-element_type=\"container\">\n\t\t\t\t<div class=\"elementor-element elementor-element-752a9f7 elementor-widget elementor-widget-heading\" data-id=\"752a9f7\" data-element_type=\"widget\" data-widget_type=\"heading.default\">\n\t\t\t\t<div class=\"elementor-widget-container\">\n\t\t\t\t\t<h2 class=\"elementor-heading-title elementor-size-default\">\u00bfQui\u00e9nes Somos?<\/h2>\t\t\t\t<\/div>\n\t\t\t\t<\/div>\n\t\t\t\t<div class=\"elementor-element elementor-element-8b4688a elementor-widget elementor-widget-text-editor\" data-id=\"8b4688a\" data-element_type=\"widget\" data-widget_type=\"text-editor.default\">\n\t\t\t\t<div class=\"elementor-widget-container\">\n\t\t\t\t\t\t\t\t\t<p>Thereport.mx es un medio que cree en el consenso, el an\u00e1lisis y la verdad para millennials que buscan profundidad sin dogmas y respuestas sin polarizaci\u00f3n.<br \/><strong>Pertenecemos a Medios Digitales Nacionales<\/strong>, una comunidad de medios que apuesta por el equilibrio y la diversidad de ideas.<\/p>\t\t\t\t\t\t\t\t<\/div>\n\t\t\t\t<\/div>\n\t\t\t\t<\/div>\n\t\t<div class=\"elementor-element elementor-element-7c04ced e-con-full e-flex e-con e-child\" data-id=\"7c04ced\" data-element_type=\"container\">\n\t\t\t\t<div class=\"elementor-element elementor-element-d614082 elementor-widget elementor-widget-image\" data-id=\"d614082\" data-element_type=\"widget\" data-widget_type=\"image.default\">\n\t\t\t\t<div class=\"elementor-widget-container\">\n\t\t\t\t\t\t\t\t\t\t\t\t\t\t\t<img fetchpriority=\"high\" decoding=\"async\" width=\"500\" height=\"500\" src=\"https:\/\/thereport.mx\/wp-content\/uploads\/2025\/09\/the-report-1.png\" class=\"attachment-large size-large wp-image-634\" alt=\"\" srcset=\"https:\/\/thereport.mx\/wp-content\/uploads\/2025\/09\/the-report-1.png 500w, https:\/\/thereport.mx\/wp-content\/uploads\/2025\/09\/the-report-1-300x300.png 300w, https:\/\/thereport.mx\/wp-content\/uploads\/2025\/09\/the-report-1-150x150.png 150w\" sizes=\"(max-width: 500px) 100vw, 500px\" \/>\t\t\t\t\t\t\t\t\t\t\t\t\t\t\t<\/div>\n\t\t\t\t<\/div>\n\t\t\t\t<\/div>\n\t\t\t\t\t<\/div>\n\t\t\t\t<\/div>\n\t\t<div class=\"elementor-element elementor-element-09b5701 e-flex e-con-boxed e-con e-parent\" data-id=\"09b5701\" data-element_type=\"container\" data-settings=\"{&quot;background_background&quot;:&quot;classic&quot;}\">\n\t\t\t\t\t<div class=\"e-con-inner\">\n\t\t<div class=\"elementor-element elementor-element-b6e866e e-con-full e-flex e-con e-child\" data-id=\"b6e866e\" data-element_type=\"container\">\n\t\t\t\t<div class=\"elementor-element elementor-element-4af84fe elementor-widget elementor-widget-image\" data-id=\"4af84fe\" data-element_type=\"widget\" data-widget_type=\"image.default\">\n\t\t\t\t<div class=\"elementor-widget-container\">\n\t\t\t\t\t\t\t\t\t\t\t\t\t\t\t<img decoding=\"async\" width=\"349\" height=\"129\" src=\"https:\/\/thereport.mx\/wp-content\/uploads\/2025\/07\/report.png\" class=\"attachment-large size-large wp-image-479\" alt=\"\" srcset=\"https:\/\/thereport.mx\/wp-content\/uploads\/2025\/07\/report.png 349w, https:\/\/thereport.mx\/wp-content\/uploads\/2025\/07\/report-300x111.png 300w\" sizes=\"(max-width: 349px) 100vw, 349px\" \/>\t\t\t\t\t\t\t\t\t\t\t\t\t\t\t<\/div>\n\t\t\t\t<\/div>\n\t\t\t\t<\/div>\n\t\t<div class=\"elementor-element elementor-element-61a0233 e-con-full e-flex e-con e-child\" data-id=\"61a0233\" data-element_type=\"container\">\n\t\t\t\t<div class=\"elementor-element elementor-element-7d7696a elementor-widget elementor-widget-khbhdoblq\" data-id=\"7d7696a\" data-element_type=\"widget\" data-widget_type=\"khbhdoblq.default\">\n\t\t\t\t<div class=\"elementor-widget-container\">\n\t\t\t\t\t<div class=\"khb-heading-oblique\">\n    <div class=\"headwrp\">\n        <h2 class=\"main-head\"><span class=\"inr\"><span>Reciente<\/span><\/span><\/h2>\n    <\/div>\n<\/div>\n\t\t\t\t<\/div>\n\t\t\t\t<\/div>\n\t\t\t\t<div class=\"elementor-element elementor-element-10128a1 elementor-widget elementor-widget-kbsh-altblg\" data-id=\"10128a1\" data-element_type=\"widget\" data-widget_type=\"kbsh-altblg.default\">\n\t\t\t\t<div class=\"elementor-widget-container\">\n\t\t\t\t\t<div class=\"xl-mag-wrap \">\r\n\t\t        <div class=\"kb-filter-bar\" data-xlopt ='{\"template\":\"altblog\\\/index\",\"per_page\":3,\"pagi_type\":\"\",\"post_type\":\"post\",\"taxonomy\":\"category\",\"metaf\":\"title,time\",\"excerptf\":19,\"imgf\":\"thumbnail\",\"order\":\"ASC\",\"orderby\":\"ID\",\"offset\":\"\",\"break\":\"\",\"metar\":\"\",\"metas\":\"\",\"excerptr\":\"\",\"excerpts\":\"\",\"imgr\":\"\",\"imgs\":\"\",\"post_format\":\"\",\"column\":\"\"}'>\r\n\t\t\t\t  \t<div class=\"leftpart\"><h3>Latest<\/h3><\/div>\r\n\t\t\t\t\t<div class=\"centerpart\"><span><\/span><\/div>\r\n\t\t\t\t    <div class=\"rightpart\">\r\n\t\t\t\t\t <ul class=\"kb_subcats_list\">\r\n\t\t\t\t\t\t<li><a href=\"#\" class=\"active\" data-ajax-catid=\"2\">All<\/a><\/li>\r\n\t\t\t\t\t\t<li><a href=\"#\" data-ajax-catid=\"2\">Local<\/a><\/li>\r\n\t\t\t\t\t <\/ul>\r\n\t\t\t\t\t<span class=\"forwidth\">More<\/span>\r\n\t\t\t\t\t<div class=\"kb_more_list\">\r\n\t\t\t\t\t\t<div class=\"more_label\">More<\/div>\r\n\t\t\t\t\t\t<div class=\"kb_dropdown_list\">\r\n\t\t\t\t\t\t\t<ul>\r\n\t\t\t\t\t\t\t\t<li><a href=\"#\" data-ajax-catid=\"2\">Local<\/a><\/li>\r\n\t\t\t\t\t\t\t<\/ul>\r\n\t\t\t\t\t\t<\/div>\r\n\t\t\t\t\t<\/div>\t\t\r\n\t\t\t\t<\/div>\r\n\t\t\t<\/div><div class=\"altblog\"><div class=\"khobish-ajax-wrap\">\r\n            <div class=\"anim-fade\">\r\n                  <article class=\"post-item ne-d-flex ne-v-center \">\r\n                                                    <div class=\"ft-thumbwrap no-overflow\">\r\n                              <a href=\"https:\/\/thereport.mx\/index.php\/2025\/09\/03\/5-cosas-que-debes-saber-sobre-la-fiebre-por-hamburguesas-gratis-en-tehuacan\/\">\r\n                                <span class=\"icon\"><\/span>\r\n                                <img class=\"featured-img lazyload\" src= \"https:\/\/thereport.mx\/wp-content\/plugins\/news-element\/includes\/..\/assets\/lazyload.svg\" width= \"1480\" height=\"912\" data-src=\"https:\/\/thereport.mx\/wp-content\/uploads\/2025\/09\/Gz7noOrWEAA97R_-150x150.webp\" alt=\"Gz7noOrWEAA97R_\"\/>                              <\/a>\r\n                            <\/div>\r\n                                               \r\n     \r\n                        <div class=\"excerpt-wrap ne-flex-1\">\r\n                          <h2 class=\"entry_title\" data-first=\"5\"><a title=\"5 cosas que debes saber sobre la fiebre por hamburguesas gratis en Tehuac\u00e1n\" href=\"https:\/\/thereport.mx\/index.php\/2025\/09\/03\/5-cosas-que-debes-saber-sobre-la-fiebre-por-hamburguesas-gratis-en-tehuacan\/\">5 cosas que debes saber sobre la fiebre por hamburguesas gratis en Tehuac\u00e1n<\/a><\/h2><span class=\"magnews-posted-on leffect-1\"><span class=\"bivo bi-calendar3\" aria-hidden=\"true\"><\/span><time class=\"entry-date published updated\" datetime=\"2025-09-03T17:49:38+00:00\">septiembre 3, 2025<\/time><\/span>                         \r\n                        <\/div> \r\n                                                  \r\n                  <\/article>                      \r\n            <\/div>\r\n\r\n           \t\t\t<\/div>\n\t\t\t<\/div><\/div>\t\n\t\t\t\t<\/div>\n\t\t\t\t<\/div>\n\t\t\t\t<\/div>\n\t\t<div class=\"elementor-element elementor-element-acd6258 e-con-full e-flex e-con e-child\" data-id=\"acd6258\" data-element_type=\"container\">\n\t\t<div class=\"elementor-element elementor-element-be784cf e-con-full e-flex e-con e-child\" data-id=\"be784cf\" data-element_type=\"container\">\n\t\t<div class=\"elementor-element elementor-element-0562e1f e-con-full e-flex e-con e-child\" data-id=\"0562e1f\" data-element_type=\"container\">\n\t\t\t\t<\/div>\n\t\t<div class=\"elementor-element elementor-element-e5836ab e-con-full e-flex e-con e-child\" data-id=\"e5836ab\" data-element_type=\"container\">\n\t\t\t\t<\/div>\n\t\t\t\t<\/div>\n\t\t\t\t<\/div>\n\t\t\t\t\t<\/div>\n\t\t\t\t<\/div>\n\t\t\t\t<\/div>\n\t\t","protected":false},"excerpt":{"rendered":"<p>Home \u00bfQui\u00e9nes Somos? Local Nacional Internacional \u00bfQui\u00e9nes Somos? Thereport.mx es un medio que cree en el consenso, el an\u00e1lisis y la verdad para millennials que buscan profundidad sin dogmas y respuestas sin polarizaci\u00f3n.Pertenecemos a Medios Digitales Nacionales, una comunidad de medios que apuesta por el equilibrio y la diversidad de ideas. Reciente Latest All Local<\/p>\n<a class=\"read-more\" href=\"https:\/\/thereport.mx\/index.php\/2025\/09\/03\/5-cosas-que-debes-saber-sobre-la-fiebre-por-hamburguesas-gratis-en-tehuacan\/\">Read More<\/a>","protected":false},"author":1,"featured_media":0,"parent":0,"menu_order":0,"comment_status":"closed","ping_status":"closed","template":"elementor_canvas","meta":{"footnotes":""},"class_list":["post-294","page","type-page","status-publish","hentry"],"_links":{"self":[{"href":"https:\/\/thereport.mx\/index.php\/wp-json\/wp\/v2\/pages\/294","targetHints":{"allow":["GET"]}}],"collection":[{"href":"https:\/\/thereport.mx\/index.php\/wp-json\/wp\/v2\/pages"}],"about":[{"href":"https:\/\/thereport.mx\/index.php\/wp-json\/wp\/v2\/types\/page"}],"author":[{"embeddable":true,"href":"https:\/\/thereport.mx\/index.php\/wp-json\/wp\/v2\/users\/1"}],"replies":[{"embeddable":true,"href":"https:\/\/thereport.mx\/index.php\/wp-json\/wp\/v2\/comments?post=294"}],"version-history":[{"count":13,"href":"https:\/\/thereport.mx\/index.php\/wp-json\/wp\/v2\/pages\/294\/revisions"}],"predecessor-version":[{"id":674,"href":"https:\/\/thereport.mx\/index.php\/wp-json\/wp\/v2\/pages\/294\/revisions\/674"}],"wp:attachment":[{"href":"https:\/\/thereport.mx\/index.php\/wp-json\/wp\/v2\/media?parent=294"}],"curies":[{"name":"wp","href":"https:\/\/api.w.org\/{rel}","templated":true}]}}